{"id":989,"date":"2025-03-30T15:12:31","date_gmt":"2025-03-30T15:12:31","guid":{"rendered":"https:\/\/fortis.is\/contact\/"},"modified":"2025-06-26T13:50:47","modified_gmt":"2025-06-26T13:50:47","slug":"contact","status":"publish","type":"page","link":"https:\/\/fortis.is\/en\/contact\/","title":{"rendered":"Contact"},"content":{"rendered":"\n<p>Haf\u00f0u samband ef \u00fe\u00fa e\u00f0a einhver sem \u00fe\u00fa \u00feekkir g\u00e6ti \u00e1tt b\u00f3tar\u00e9tt vegna umfer\u00f0ar-, vinnu- e\u00f0a fr\u00edt\u00edmaslyss e\u00f0a ef \u00fe\u00fa ert me\u00f0 einhverja spurningu \u00e1 \u00fev\u00ed svi\u00f0i. \u00dea\u00f0 er mikilv\u00e6gt a\u00f0 gr\u00edpa til r\u00e9ttra a\u00f0ger\u00f0a strax \u00ed upphafi til a\u00f0 koma \u00ed veg fyrir a\u00f0 r\u00e9ttindi glatist. \u00dea\u00f0 kostar \u00feig ekkert a\u00f0 senda okkur fyrirspurn e\u00f0a hringja!  <\/p>\n","protected":false},"excerpt":{"rendered":"<p>Haf\u00f0u samband ef \u00fe\u00fa e\u00f0a einhver sem \u00fe\u00fa \u00feekkir g\u00e6ti \u00e1tt b\u00f3tar\u00e9tt vegna umfer\u00f0ar-, vinnu- e\u00f0a fr\u00edt\u00edmaslyss e\u00f0a ef \u00fe\u00fa ert me\u00f0 einhverja spurningu \u00e1 \u00fev\u00ed svi\u00f0i. \u00dea\u00f0 er mikilv\u00e6gt a\u00f0 gr\u00edpa til r\u00e9ttra a\u00f0ger\u00f0a strax \u00ed upphafi til a\u00f0 koma \u00ed veg fyrir a\u00f0 r\u00e9ttindi glatist. \u00dea\u00f0 kostar \u00feig ekkert a\u00f0 senda okkur fyrirspurn [&hellip;]<\/p>\n","protected":false},"author":1,"featured_media":0,"parent":0,"menu_order":0,"comment_status":"closed","ping_status":"closed","template":"","meta":{"_acf_changed":false,"footnotes":""},"class_list":["post-989","page","type-page","status-publish","hentry"],"acf":[],"_links":{"self":[{"href":"https:\/\/fortis.is\/en\/wp-json\/wp\/v2\/pages\/989","targetHints":{"allow":["GET"]}}],"collection":[{"href":"https:\/\/fortis.is\/en\/wp-json\/wp\/v2\/pages"}],"about":[{"href":"https:\/\/fortis.is\/en\/wp-json\/wp\/v2\/types\/page"}],"author":[{"embeddable":true,"href":"https:\/\/fortis.is\/en\/wp-json\/wp\/v2\/users\/1"}],"replies":[{"embeddable":true,"href":"https:\/\/fortis.is\/en\/wp-json\/wp\/v2\/comments?post=989"}],"version-history":[{"count":1,"href":"https:\/\/fortis.is\/en\/wp-json\/wp\/v2\/pages\/989\/revisions"}],"predecessor-version":[{"id":990,"href":"https:\/\/fortis.is\/en\/wp-json\/wp\/v2\/pages\/989\/revisions\/990"}],"wp:attachment":[{"href":"https:\/\/fortis.is\/en\/wp-json\/wp\/v2\/media?parent=989"}],"curies":[{"name":"wp","href":"https:\/\/api.w.org\/{rel}","templated":true}]}}